
{"id":89,"date":"2008-12-27T22:41:27","date_gmt":"2008-12-27T21:41:27","guid":{"rendered":"http:\/\/www.trufferelektrotech.ch\/wordpress\/?page_id=89"},"modified":"2023-06-29T09:45:48","modified_gmt":"2023-06-29T08:45:48","slug":"konvektoren","status":"publish","type":"page","link":"https:\/\/www.trufferelektrotech.ch\/?page_id=89","title":{"rendered":"Konvektoren"},"content":{"rendered":"<p id=\"top\" \/>Direktheizger\u00e4te &#8211; modernste Technik und zukunftweisendes Design &#8211; l\u00e4uten die neue \u00c4ra der Direktheiztechnik ein. Energiebewusst bei den Betriebskosten und budgetschonend in der Anschaffung.<\/p>\n<p>&nbsp;<br \/>\n<strong>W\u00e4rmewellenger\u00e4te<\/strong><\/p>\n<p>Bei W\u00e4rmewellenger\u00e4ten wird die W\u00e4rme dorthin getragen, wo sie als behaglich empfunden wird (z.B. bei hohen R\u00e4umen).<\/p>\n<p>IRG-Serie<br \/>\nDie IRG-Serie umfasst Infrarot-Heizplatten f\u00fcr eine angenehme wohltuende W\u00e4rme. Sie eignen sich bei guter Isolation und einem U-Wert bis 18 f\u00fcr einen Raum bis zirka 11m3. Jedes Ger\u00e4t wird mit Wandhalterung geliefert. Als Zubeh\u00f6r k\u00f6nnen Standf\u00fcsse montiert werden f\u00fcr einen flexiblen Einsatz.<\/p>\n<p><img loading=\"lazy\" decoding=\"async\" src=\"https:\/\/www.trufferelektrotech.ch\/wp-content\/uploads\/apitec-001-e1350142835108.jpg\" alt=\"\" title=\"IRG-Serie\" width=\"640\" height=\"235\" class=\"aligncenter size-full wp-image-221\" \/><\/p>\n<p>&nbsp;<br \/>\n&nbsp;<br \/>\nF\u00fcr alle weiteren Ausk\u00fcnfte und Erkl\u00e4rungen in Bezug auf Infrarot und heizen mit Infrarot nehmen Sie bitte mit uns Kontakt auf.<br \/>\n&nbsp;<br \/>\n&nbsp;<br \/>\nFPE-Serie<br \/>\n<img loading=\"lazy\" decoding=\"async\" alt=\"\" src=\"https:\/\/www.trufferelektrotech.ch\/images\/warmewelleng.jpg\" title=\"FPE-Serie\" class=\"alignright\" width=\"300\" height=\"217\" \/>Einbau ist in horizontaler und vertikaler Lage m\u00f6glich.<br \/>\nFarbe: birkenweiss.<\/p>\n<p>&nbsp;<br \/>\n&nbsp;<br \/>\n&nbsp;<br \/>\n&nbsp;<br \/>\n&nbsp;<br \/>\n&nbsp;<br \/>\n&nbsp;<br \/>\n&nbsp;<br \/>\n&nbsp;<br \/>\n&nbsp;<br \/>\n&nbsp;<br \/>\nGFP-Serie<br \/>\nDie Ger\u00e4te der GFP-Serie besitzen ein hochwertiges Metallgeh\u00e4use und eine elegante, graphitschwarze Glas-front.<br \/>\nEinbau nur in horizontaler Lage m\u00f6glich. <\/p>\n<table>\n<tr>\n<td><img loading=\"lazy\" decoding=\"async\" src=\"https:\/\/www.trufferelektrotech.ch\/wp-content\/uploads\/2008\/12\/dimplex_gfp_200_b_klein.jpg\" alt=\"Dimplex GFP 200 B\" title=\"Dimplex GFP 200 B\" width=\"124\" height=\"79\" class=\"alignright size-full wp-image-179\" \/><\/td>\n<td><img loading=\"lazy\" decoding=\"async\" src=\"https:\/\/www.trufferelektrotech.ch\/wp-content\/uploads\/2008\/12\/dimplex_gfp_200_w_klein.jpg\" alt=\"Dimplex GFP 200 W\" title=\"Dimplex GFP 200 W\" width=\"124\" height=\"81\" class=\"alignright size-full wp-image-178\" \/><\/td>\n<\/tr>\n<\/table>\n<p>&nbsp;<br \/>\n&nbsp;<br \/>\n&nbsp;<br \/>\n<strong>Wandkonvektoren<\/strong><br \/>\n<img loading=\"lazy\" decoding=\"async\" alt=\"\" src=\"https:\/\/www.trufferelektrotech.ch\/images\/konvektoren.jpg\" title=\"Wandkonvektoren\" class=\"alignright\" width=\"300\" height=\"230\" \/>Bei den Konvektoren steigt die W\u00e4rme nach oben.  Dabei garantiert das neue, elektronische ecocomfort Regelsystem eine exakte Temperaturregelung.<\/p>\n<p>Wir liefern Wandkonvektoren auch in Naturstein. Diese Heizungen bestechen durch ihr zeitloses, einzigartiges Design in Kombination mit der sanften Abgabe von milder W\u00e4rmestrahlung eines W\u00e4rmewellenheizger\u00e4tes. Die besonders sch\u00f6n strukturierte Marmorplatten werden mittels einer Heizleitung erw\u00e4rmt. Die ausgekl\u00fcgelte Leitungsf\u00fchrung innerhalb der Platte sorgt f\u00fcr eine gleichm\u00e4ssige Temperatur der Oberfl\u00e4che und somit f\u00fcr bestm\u00f6gliche W\u00e4rmeabgabe und Behaglichkeit. Das einzigartige Design wird zum Blickfang in jedem Raum und sorgt f\u00fcr optische Aufwertung und angenehme, behagliche W\u00e4rme. Die Regelung erfolgt durch einen externen Raumthermostat, je nach individuellen W\u00fcnschen, elektronisch, mechanisch oder auch mit programmierbarer Zeitschaltuhr. Wir bieten Wandkonvektoren in folgenden Steinarten an:<\/p>\n<p>&nbsp;<br \/>\n<img loading=\"lazy\" decoding=\"async\" alt=\"\" src=\"https:\/\/www.trufferelektrotech.ch\/images\/steinsorten.jpg\" class=\"aligncenter\" width=\"520\" height=\"180\" \/><\/p>\n<p>&nbsp;<br \/>\n&nbsp;<br \/>\nOhne Steinverkleidung liefern wir Ihnen auch Wandkonvektoren von Glamox:<\/p>\n<div id=\"attachment_327\" style=\"width: 650px\" class=\"wp-caption aligncenter\"><img loading=\"lazy\" decoding=\"async\" aria-describedby=\"caption-attachment-327\" src=\"https:\/\/www.trufferelektrotech.ch\/wp-content\/uploads\/glamox-h30-white_white-wall-e1597413379715.jpg\" alt=\"Glamox-H30\" width=\"640\" height=\"427\" class=\"size-full wp-image-327\" \/><p id=\"caption-attachment-327\" class=\"wp-caption-text\">Glamox-H30<\/p><\/div>\n<div id=\"attachment_328\" style=\"width: 650px\" class=\"wp-caption aligncenter\"><img loading=\"lazy\" decoding=\"async\" aria-describedby=\"caption-attachment-328\" src=\"https:\/\/www.trufferelektrotech.ch\/wp-content\/uploads\/Glamox-H40_Glamox-e1597413353370.jpg\" alt=\"Glamox-H40\" width=\"640\" height=\"289\" class=\"size-full wp-image-328\" \/><p id=\"caption-attachment-328\" class=\"wp-caption-text\">Glamox-H40<\/p><\/div>\n<div id=\"attachment_329\" style=\"width: 650px\" class=\"wp-caption aligncenter\"><img loading=\"lazy\" decoding=\"async\" aria-describedby=\"caption-attachment-329\" src=\"https:\/\/www.trufferelektrotech.ch\/wp-content\/uploads\/Glamox-H60-e1597413317357.jpg\" alt=\"Glamox-H60\" width=\"640\" height=\"427\" class=\"size-full wp-image-329\" \/><p id=\"caption-attachment-329\" class=\"wp-caption-text\">Glamox-H60<\/p><\/div>\n<p>&nbsp;<br \/>\n&nbsp;<br \/>\n<strong>Badheizk\u00f6rper<\/strong><\/p>\n<p><img loading=\"lazy\" decoding=\"async\" alt=\"\" src=\"https:\/\/www.trufferelektrotech.ch\/images\/bad04.jpg\" title=\"Badheizk\u00f6rper\" class=\"alignright\" width=\"169\" height=\"350\" \/>Die modernen Badheizk\u00f6rper bringen Komfort und Eleganz ins Badezimmer. Sie bestechen durch sch\u00f6ne, elegante, unfallsichere, gut zu reinigenden Formen und perfekte Fertigungsqualit\u00e4t. Diese Raumw\u00e4rmer bieten viel Platz, um Hand- und Badet\u00fccher, kleine W\u00e4schest\u00fccke usw zu w\u00e4rmen und zu trocknen. W\u00e4hlen Sie aus einer Palette f\u00fcr Badezimmer, K\u00fcche, Sauna, Vorraum usw . das f\u00fcr Sie geeignete Model in Ihrer Wunschfarbe. Badheizk\u00f6rper k\u00f6nnen auch in grossen Badezimmer oder in vielen anderen Anwendungsbereichen als Raumteiler eingesetzt werden.<\/p>\n<p>F\u00fcr Anschluss an die Zentralheizung<br \/>\nDie meisten Badheizk\u00f6rper sind auch f\u00fcr den Anschluss an die Zentralheizung erh\u00e4ltlich.<\/p>\n<p>F\u00fcr den Elektrobetrieb<br \/>\nDer vollelektrische Raumw\u00e4rmer ist mit einer W\u00e4rmetr\u00e4gerfl\u00fcssigkeit gef\u00fcllt und einem eingebauten Elektro-Heizeinsatz mit integrierter Wassertemperaturregelung, \u00dcbertemperaturbegrenzung sowie Frostschutzsicherung ausgestattet. <\/p>\n<table border=\"0\" height=\"118\" width=\"540\">\n<tbody>\n<tr>\n<td>\n<div align=\"center\"><img loading=\"lazy\" decoding=\"async\" src=\"images\/bad01.jpg\" height=\"172\" width=\"170\"><\/div>\n<\/td>\n<td>\n<div align=\"center\"><img loading=\"lazy\" decoding=\"async\" src=\"images\/bad02.jpg\" height=\"169\" width=\"170\"><\/div>\n<\/td>\n<td>\n<div align=\"center\"><img loading=\"lazy\" decoding=\"async\" src=\"images\/bad03.jpg\" height=\"172\" width=\"170\"><\/div>\n<\/td>\n<\/tr>\n<tr>\n<td><font face=\"Arial, Helvetica, sans-serif\">Fernregler SIR <\/font><\/td>\n<td><font face=\"Arial, Helvetica, sans-serif\">Heizeinsatz FWT <\/font><\/td>\n<td><font face=\"Arial, Helvetica, sans-serif\">Heizeinsatz WWT <\/font><\/td>\n<\/tr>\n<\/tbody>\n<\/table>\n<p>Weitere Badeheizk\u00f6rper auf Anfrage &#8211; wir besitzen eine reichhaltige Auswahl.<\/p>\n","protected":false},"excerpt":{"rendered":"<p>Direktheizger\u00e4te &#8211; modernste Technik und zukunftweisendes Design &#8211; l\u00e4uten die neue \u00c4ra der Direktheiztechnik ein. Energiebewusst bei den Betriebskosten und budgetschonend in der Anschaffung. &nbsp; W\u00e4rmewellenger\u00e4te Bei W\u00e4rmewellenger\u00e4ten wird die W\u00e4rme dorthin getragen, wo sie als behaglich empfunden wird (z.B. bei hohen R\u00e4umen). IRG-Serie Die IRG-Serie umfasst Infrarot-Heizplatten f\u00fcr eine angenehme wohltuende W\u00e4rme. Sie eignen [&hellip;]<\/p>\n","protected":false},"author":1,"featured_media":0,"parent":69,"menu_order":0,"comment_status":"closed","ping_status":"closed","template":"","meta":{"footnotes":""},"class_list":["post-89","page","type-page","status-publish","hentry"],"_links":{"self":[{"href":"https:\/\/www.trufferelektrotech.ch\/index.php?rest_route=\/wp\/v2\/pages\/89","targetHints":{"allow":["GET"]}}],"collection":[{"href":"https:\/\/www.trufferelektrotech.ch\/index.php?rest_route=\/wp\/v2\/pages"}],"about":[{"href":"https:\/\/www.trufferelektrotech.ch\/index.php?rest_route=\/wp\/v2\/types\/page"}],"author":[{"embeddable":true,"href":"https:\/\/www.trufferelektrotech.ch\/index.php?rest_route=\/wp\/v2\/users\/1"}],"replies":[{"embeddable":true,"href":"https:\/\/www.trufferelektrotech.ch\/index.php?rest_route=%2Fwp%2Fv2%2Fcomments&post=89"}],"version-history":[{"count":30,"href":"https:\/\/www.trufferelektrotech.ch\/index.php?rest_route=\/wp\/v2\/pages\/89\/revisions"}],"predecessor-version":[{"id":405,"href":"https:\/\/www.trufferelektrotech.ch\/index.php?rest_route=\/wp\/v2\/pages\/89\/revisions\/405"}],"up":[{"embeddable":true,"href":"https:\/\/www.trufferelektrotech.ch\/index.php?rest_route=\/wp\/v2\/pages\/69"}],"wp:attachment":[{"href":"https:\/\/www.trufferelektrotech.ch\/index.php?rest_route=%2Fwp%2Fv2%2Fmedia&parent=89"}],"curies":[{"name":"wp","href":"https:\/\/api.w.org\/{rel}","templated":true}]}}