
{"id":71,"date":"2008-12-27T21:32:06","date_gmt":"2008-12-27T20:32:06","guid":{"rendered":"http:\/\/www.trufferelektrotech.ch\/wordpress\/?page_id=71"},"modified":"2023-06-29T09:44:47","modified_gmt":"2023-06-29T08:44:47","slug":"bodenheizungen","status":"publish","type":"page","link":"https:\/\/www.trufferelektrotech.ch\/?page_id=71","title":{"rendered":"Bodenheizungen"},"content":{"rendered":"<p id=\"top\" \/>Wie man wohlige W\u00e4rme in ihrer sch\u00f6nsten und angenehmsten Form geniessen kann, haben schon vor 2000 Jahren die alten R\u00f6mer erkannt. Ihre Fussbodenheizungen f\u00fcr B\u00e4der und Wohnr\u00e4ume waren schon damals der perfekte Luxus. Heute hingegen ist ein behaglich warmer Fussboden l\u00e4ngst keine Frage des Geldbeutels mehr.<\/p>\n<p>&nbsp;<br \/>\n<strong>Die superflache Fussboden-Direktheizung<\/strong><\/p>\n<p>Die Verlegung erfolgt direkt im dauerhaft, temperaturbest\u00e4ndigen und elastischen Nivelierspachtel oder im Fliesenkleber auf nahezu jedem trittfesten und temperaturbest\u00e4ndigen Untergrund. Die Heizmatten stehen in praxisnah abgestuften Abmessungen zur Verf\u00fcgung und k\u00f6nnen vollfl\u00e4chig fast jeder Raumgeometrie angepasst werden.<\/p>\n<p>Die bew\u00e4hrte Verlegebreite von 0,9 m gew\u00e4hrleistet eine schnelle Verarbeitung auch bei grossen Fl\u00e4chen. Die zus\u00e4tzlichen Verlegebreiten von 0,3 m, 0,4 m und 0,5 m erm\u00f6glichen den problemlosen Einsatz an besonders engen Stellen, z.B. im G\u00e4ste-WC. Zudem er\u00f6ffnet die Kombination der verschiedenen Heizmattenbreiten flexible L\u00f6sungsm\u00f6glichkeiten auch bei schwierigen Grundrissen.<\/p>\n<p>Durch die sehr geringe Aufbauh\u00f6he eignen sich die Heizmatten hervorragend f\u00fcr den nachtr\u00e4glichen Einbau, je nach individuellem W\u00e4rmebedarf als Zusatzheizung, als Vollheizung oder zur Bodentemperierung. Durch die zus\u00e4tzliche Abschirmung k\u00f6nnen die Heizmatten in Kombination mit einer FI-Schutzschaltung sogar in R\u00e4umen mit Badewanne und Dusche eingesetzt werden.<\/p>\n<p>&nbsp;<br \/>\n<strong>Die Kabelheizmatte<\/strong><\/p>\n<p>Die Kabelheizmatte eignet sich f\u00fcr den Einbau in oder unter dem Unterlagsboden. Sie kann als elektrische Fussbodenspeicherheizung, als elektrische Teilspeicherheizung oder als Fussbodendirektheizung eingesetzt werden.<\/p>\n<p>&nbsp;<br \/>\n<strong>Die elektrische Fussboden &#8211; Speicherheizung<\/strong><\/p>\n<p>Ist schon das hohe Einsparpotenzial elektrischer Energie ein wesentlicher Vorteil, k\u00f6nnen Sie diese Energie jetzt auch noch besonders wirtschaftlich einsetzen. Denn mit der Fussboden &#8211; Speicherheizung nutzen Sie die g\u00fcnstigen Niedertarifzeiten in der Nacht, die fast alle Energieversorger heute anbieten. W\u00e4hrend der Tag- und Nachtstunden speichert eine Unterlagsbodenschicht von 6 &#8211; 12 cm H\u00f6he die W\u00e4rme unter dem Fussbodenbelag. Durch die Speicherwirkung des Unterlagsbodens wird die W\u00e4rme zeitversetzt und \u00fcber den ganzen Tag verteilt an den Raum abgegben. Damit Sie die Raumtemperatur optimal regulieren k\u00f6nnen, wird unter dem Fenster zus\u00e4tzlich eine schnell reagierende Randzonenheizung installiert.<\/p>\n<p> &nbsp;<br \/>\n<strong>Die elektrische Fussboden &#8211; Direktheizung<\/strong><\/p>\n<p>Eine interessante Variante zur Speicherheizung ist die Fussboden &#8211; Direktheizung. Da die H\u00f6he des Unterlagsbodens nur ca. 4 &#8211; 6 cm betr\u00e4gt, wird die wirksame Heizleistung schon nach wesentlich k\u00fcrzerer Aufheizzeit erreicht. Idealerweise beheizen Sie mit der Fussboden &#8211; Direktheizung Ihre Nebenr\u00e4ume, wie z.B. das Bad, das G\u00e4ste- und das Arbeitszimmer.<\/p>\n<p>&nbsp;<br \/>\n<strong>Der richtige Temperaturregler f\u00fcr jede Anwendung<\/strong><\/p>\n<p>Fussbodentemperaturregler &#8220;Standard&#8221; f\u00fcr Bodendirektheizungen mit Millimeter- oder Kabelmatten &#8220;Standard&#8221;, f\u00fcr Unterputz- oder Aufputzmontage.<\/p>\n<p>&nbsp;<br \/>\nFussbodentemperaturregler &#8211; mit Fernf\u00fchler<br \/>\n&nbsp;<br \/>\n<a href=\"https:\/\/www.trufferelektrotech.ch\/wp-content\/uploads\/temperaturfuehler-001.png\"><img loading=\"lazy\" decoding=\"async\" src=\"https:\/\/www.trufferelektrotech.ch\/wp-content\/uploads\/temperaturfuehler-001-e1687813103108.png\" alt=\"Fussbodentemperaturregler \u2013 mit Fernf\u00fchler\" width=\"640\" height=\"188\" class=\"aligncenter size-full wp-image-369\" srcset=\"https:\/\/www.trufferelektrotech.ch\/wp-content\/uploads\/temperaturfuehler-001-e1687813103108.png 640w, https:\/\/www.trufferelektrotech.ch\/wp-content\/uploads\/temperaturfuehler-001-e1687813103108-300x88.png 300w\" sizes=\"auto, (max-width: 640px) 100vw, 640px\" \/><\/a><\/p>\n<p>&nbsp;<br \/>\n&nbsp;<br \/>\nFussbodentemperaturregler mit integrierter Programmschaltuhr (Tages- oder Wochenprogramm)<br \/>\n&nbsp;<br \/>\n<a href=\"https:\/\/www.trufferelektrotech.ch\/wp-content\/uploads\/programmschaltuhr-001.png\"><img loading=\"lazy\" decoding=\"async\" src=\"https:\/\/www.trufferelektrotech.ch\/wp-content\/uploads\/programmschaltuhr-001-e1687815588649.png\" alt=\"Programmschaltuhr Aufputzmontage\" width=\"379\" height=\"188\" class=\"left size-full wp-image-371\" srcset=\"https:\/\/www.trufferelektrotech.ch\/wp-content\/uploads\/programmschaltuhr-001-e1687815588649.png 379w, https:\/\/www.trufferelektrotech.ch\/wp-content\/uploads\/programmschaltuhr-001-e1687815588649-300x149.png 300w\" sizes=\"auto, (max-width: 379px) 100vw, 379px\" \/><\/a><\/p>\n<p>&nbsp;<br \/>\n&nbsp;<br \/>\n<strong>Steuerger\u00e4te f\u00fcr Speicherheizungen<\/strong><\/p>\n<p>Es kann zwischen drei verschiedenen Steuerger\u00e4te gew\u00e4hlt werden, welche f\u00fcr den Tableaueinbau gedacht sind:<\/p>\n<table border=\"0\" cellpadding=\"3\" cellspacing=\"3\" width=\"100%\">\n<tbody>\n<tr bgcolor=\"#000000\">\n<td width=\"27%\" bgcolor=\"#000000\" valign=\"top\">\n                          <div id=\"attachment_375\" style=\"width: 145px\" class=\"wp-caption aligncenter\"><a href=\"https:\/\/www.trufferelektrotech.ch\/wp-content\/uploads\/eco-H-e1687816334837.png\"><img loading=\"lazy\" decoding=\"async\" aria-describedby=\"caption-attachment-375\" src=\"https:\/\/www.trufferelektrotech.ch\/wp-content\/uploads\/eco-H-e1687816334837.png\" alt=\"Aufladesteuerger\u00e4t St\u00f6ri eco-H\" width=\"135\" height=\"188\" class=\"size-full wp-image-375\" \/><\/a><p id=\"caption-attachment-375\" class=\"wp-caption-text\">Aufladesteuerger\u00e4t St\u00f6ri eco-H<\/p><\/div>\n                        <\/td>\n<td bgcolor=\"#000000\" valign=\"top\">\n                          Beim Steuerger\u00e4t St\u00f6ri eco-H handelt es sich um einen microcomputergesteuerten Universal-Aufladeregler f\u00fcr Elektro-Speicherheizger\u00e4te. Es erf\u00fcllt die Anforderungen f\u00fcr Anlagen mit Ladesch\u00fctzsteuerung, Eindrahtsteuerung (Z1 getaktet) und kombinierte Anlagen aus Fussboden- und Speicherheizung. Durch Mittelwertbildung der Aussentemperatur sorgt es f\u00fcr optimalen Komfort auch in der \u00dcbergangszeit im Fr\u00fchling und im Herbst.\n                       <\/td>\n<\/tr>\n<tr bgcolor=\"#000000\">\n<td width=\"27%\" bgcolor=\"#000000\" valign=\"top\">\n<div id=\"attachment_379\" style=\"width: 145px\" class=\"wp-caption aligncenter\"><a href=\"https:\/\/www.trufferelektrotech.ch\/wp-content\/uploads\/eco-W-e1687816726121.png\"><img loading=\"lazy\" decoding=\"async\" aria-describedby=\"caption-attachment-379\" src=\"https:\/\/www.trufferelektrotech.ch\/wp-content\/uploads\/eco-W-e1687816726121.png\" alt=\"Wohnungstation St\u00f6ri eco-W\" width=\"135\" height=\"188\" class=\"size-full wp-image-379\" \/><\/a><p id=\"caption-attachment-379\" class=\"wp-caption-text\">Wohnungstation St\u00f6ri eco-W<\/p><\/div>\n                        <\/td>\n<td bgcolor=\"#000000\" valign=\"top\">\n                          Das St\u00f6ri eco-W ist ein regelbares elektronisches Wohnungs- \/ Gruppensteuerger\u00e4t f\u00fcr Elektro-Speicherheizger\u00e4te. Es \u00fcberzeugt durch einen \u00fcberschaubaren Funktionsumfang und durch benutzerfreundliche Bedienung.\n                       <\/td>\n<\/tr>\n<tr bgcolor=\"#000000\">\n<td width=\"27%\" bgcolor=\"#000000\" valign=\"top\">\n<div id=\"attachment_381\" style=\"width: 145px\" class=\"wp-caption aligncenter\"><a href=\"https:\/\/www.trufferelektrotech.ch\/wp-content\/uploads\/eco-Z-e1687816906874.png\"><img loading=\"lazy\" decoding=\"async\" aria-describedby=\"caption-attachment-381\" src=\"https:\/\/www.trufferelektrotech.ch\/wp-content\/uploads\/eco-Z-e1687816906874.png\" alt=\"Zonensteuerger\u00e4t St\u00f6ri eco-Z\" width=\"135\" height=\"188\" class=\"size-full wp-image-381\" \/><\/a><p id=\"caption-attachment-381\" class=\"wp-caption-text\">Zonensteuerger\u00e4t St\u00f6ri eco-Z<\/p><\/div><\/p>\n<td bgcolor=\"#000000\" valign=\"top\">\n                          Das Steuerger\u00e4t St\u00f6ri eco-Z ist ein Aufladeautomat speziell f\u00fcr Elektro-Fussboden-Speicherheizungen. Die Regelung der Aufladung erfolgt mittels Restw\u00e4rmeerfassung, wobei bis zu drei Heizkreise getrennt von einander gesteuert werden k\u00f6nnen. Das Steuerger\u00e4t ist<br \/>\nmontagefreundlich und leicht zu bedienen.\n                       <\/td>\n<\/tr>\n<\/tbody>\n<\/table>\n","protected":false},"excerpt":{"rendered":"<p>Wie man wohlige W\u00e4rme in ihrer sch\u00f6nsten und angenehmsten Form geniessen kann, haben schon vor 2000 Jahren die alten R\u00f6mer erkannt. Ihre Fussbodenheizungen f\u00fcr B\u00e4der und Wohnr\u00e4ume waren schon damals der perfekte Luxus. Heute hingegen ist ein behaglich warmer Fussboden l\u00e4ngst keine Frage des Geldbeutels mehr. &nbsp; Die superflache Fussboden-Direktheizung Die Verlegung erfolgt direkt im [&hellip;]<\/p>\n","protected":false},"author":1,"featured_media":0,"parent":69,"menu_order":0,"comment_status":"closed","ping_status":"closed","template":"","meta":{"footnotes":""},"class_list":["post-71","page","type-page","status-publish","hentry"],"_links":{"self":[{"href":"https:\/\/www.trufferelektrotech.ch\/index.php?rest_route=\/wp\/v2\/pages\/71","targetHints":{"allow":["GET"]}}],"collection":[{"href":"https:\/\/www.trufferelektrotech.ch\/index.php?rest_route=\/wp\/v2\/pages"}],"about":[{"href":"https:\/\/www.trufferelektrotech.ch\/index.php?rest_route=\/wp\/v2\/types\/page"}],"author":[{"embeddable":true,"href":"https:\/\/www.trufferelektrotech.ch\/index.php?rest_route=\/wp\/v2\/users\/1"}],"replies":[{"embeddable":true,"href":"https:\/\/www.trufferelektrotech.ch\/index.php?rest_route=%2Fwp%2Fv2%2Fcomments&post=71"}],"version-history":[{"count":29,"href":"https:\/\/www.trufferelektrotech.ch\/index.php?rest_route=\/wp\/v2\/pages\/71\/revisions"}],"predecessor-version":[{"id":404,"href":"https:\/\/www.trufferelektrotech.ch\/index.php?rest_route=\/wp\/v2\/pages\/71\/revisions\/404"}],"up":[{"embeddable":true,"href":"https:\/\/www.trufferelektrotech.ch\/index.php?rest_route=\/wp\/v2\/pages\/69"}],"wp:attachment":[{"href":"https:\/\/www.trufferelektrotech.ch\/index.php?rest_route=%2Fwp%2Fv2%2Fmedia&parent=71"}],"curies":[{"name":"wp","href":"https:\/\/api.w.org\/{rel}","templated":true}]}}