
{"id":69,"date":"2008-12-27T21:02:03","date_gmt":"2008-12-27T20:02:03","guid":{"rendered":"http:\/\/www.trufferelektrotech.ch\/wordpress\/?page_id=69"},"modified":"2023-06-29T09:43:08","modified_gmt":"2023-06-29T08:43:08","slug":"elektroheizungen","status":"publish","type":"page","link":"https:\/\/www.trufferelektrotech.ch\/?page_id=69","title":{"rendered":"Elektroheizungen"},"content":{"rendered":"<p id=\"top\" \/>Bei den Heizungen wird grunds\u00e4tzlich zwischen drei Heizungssystemen unterschieden:<\/p>\n<ul>\n<li><a href=\"https:\/\/www.trufferelektrotech.ch\/?page_id=71\" target=\"_blank\" rel=\"noopener\">Bodenheizungen<\/a> bestehen aus Heizmatten, die sich im Fussboden befinden und daf\u00fcr sorgen, dass Sie nie wieder kalte F\u00fcsse bekommen.<\/li>\n<li><a href=\"https:\/\/www.trufferelektrotech.ch\/?page_id=89\" target=\"_blank\" rel=\"noopener\">Konvektoren<\/a> sorgen f\u00fcr schnell verf\u00fcgbare W\u00e4rme, wo Sie diese auch immer brauchen.<\/li>\n<li align=\"left\"><a href=\"https:\/\/www.trufferelektrotech.ch\/?page_id=113\" target=\"_blank\" rel=\"noopener\">W\u00e4rmespeicher<\/a> speichern ihre Energie wenn der Strom g\u00fcnstig ist und geben die gespeicherte W\u00e4rme \u00fcber den ganzen Tag verteilt ab.<\/li>\n<\/ul>\n<p>Zus\u00e4tzlich bieten wir auch Heizsysteme an, die die Energie der Sonne nutzen, umweltschonend sind und ihnen Energiekosten einsparen: die Solarheizungen.<\/p>\n","protected":false},"excerpt":{"rendered":"<p>Bei den Heizungen wird grunds\u00e4tzlich zwischen drei Heizungssystemen unterschieden: Bodenheizungen bestehen aus Heizmatten, die sich im Fussboden befinden und daf\u00fcr sorgen, dass Sie nie wieder kalte F\u00fcsse bekommen. Konvektoren sorgen f\u00fcr schnell verf\u00fcgbare W\u00e4rme, wo Sie diese auch immer brauchen. W\u00e4rmespeicher speichern ihre Energie wenn der Strom g\u00fcnstig ist und geben die gespeicherte W\u00e4rme \u00fcber [&hellip;]<\/p>\n","protected":false},"author":1,"featured_media":0,"parent":0,"menu_order":1,"comment_status":"closed","ping_status":"closed","template":"","meta":{"footnotes":""},"class_list":["post-69","page","type-page","status-publish","hentry"],"_links":{"self":[{"href":"https:\/\/www.trufferelektrotech.ch\/index.php?rest_route=\/wp\/v2\/pages\/69","targetHints":{"allow":["GET"]}}],"collection":[{"href":"https:\/\/www.trufferelektrotech.ch\/index.php?rest_route=\/wp\/v2\/pages"}],"about":[{"href":"https:\/\/www.trufferelektrotech.ch\/index.php?rest_route=\/wp\/v2\/types\/page"}],"author":[{"embeddable":true,"href":"https:\/\/www.trufferelektrotech.ch\/index.php?rest_route=\/wp\/v2\/users\/1"}],"replies":[{"embeddable":true,"href":"https:\/\/www.trufferelektrotech.ch\/index.php?rest_route=%2Fwp%2Fv2%2Fcomments&post=69"}],"version-history":[{"count":14,"href":"https:\/\/www.trufferelektrotech.ch\/index.php?rest_route=\/wp\/v2\/pages\/69\/revisions"}],"predecessor-version":[{"id":402,"href":"https:\/\/www.trufferelektrotech.ch\/index.php?rest_route=\/wp\/v2\/pages\/69\/revisions\/402"}],"wp:attachment":[{"href":"https:\/\/www.trufferelektrotech.ch\/index.php?rest_route=%2Fwp%2Fv2%2Fmedia&parent=69"}],"curies":[{"name":"wp","href":"https:\/\/api.w.org\/{rel}","templated":true}]}}