
{"id":50,"date":"2008-12-27T20:50:51","date_gmt":"2008-12-27T19:50:51","guid":{"rendered":"http:\/\/www.trufferelektrotech.ch\/wordpress\/?page_id=50"},"modified":"2023-06-29T09:43:43","modified_gmt":"2023-06-29T08:43:43","slug":"elektrogerate","status":"publish","type":"page","link":"https:\/\/www.trufferelektrotech.ch\/?page_id=50","title":{"rendered":"Elektroger\u00e4te"},"content":{"rendered":"<p id=\"top\" \/>Unter der Rubrik &#8220;Elektroger\u00e4te&#8221; finden Sie das Zubeh\u00f6r zu den Elektroheizungen (beispielsweise Telefonschaltger\u00e4te), heizungsverwandte Produkte (Schuhtrockner, Fussw\u00e4rmematten und Boiller) &#8211; und neuerdings auch unser Angebot an Zentralstaubsaugern.<\/p>\n<p>&nbsp;<br \/>\n<strong>Zentralstaubsauger &#8211; ein innovatives Konzept f\u00fcr mehr Wohnkomfort<\/strong><\/p>\n<p>Wir projektieren und installieren Ihnen ihren Zentralstaubsauger nach Wunsch. Es braucht lediglich eine fest eingebaute Staubsaugzentrale im Untergeschoss oder an einem geeigneten Ort ausserhalb des Wohnbereichs. An dieser Zentrale ist ein Saugleitungsnetz angeschlossen, das in kaum sichtbare und zweckm\u00e4ssig platzierte Luftsteckdosen (es gen\u00fcgen ein paar wenige) im ganzen Haus m\u00fcndet. Das Einschalten der Anlage erfolgt automatisch beim Einstecken des Saugschlauchs in die Steckdose oder mit Bedienung am Handgriff. Das vielseitige Zubeh\u00f6rprogramm erlaubt eine bequeme und hygienische Saugreinigung.<\/p>\n<p>F\u00fcr Alt- und Neubauten<br \/>\nDie Installation des Zentralstaubsaugers in Altbauten ist oft nicht aufw\u00e4ndiger als in Neubauten. Die Saugleitungen k\u00f6nnen hinter Verblendungen und Einbaum\u00f6beln, in Sch\u00e4chte oder unbenutzte Kamine verlegt werden. Das Aufspitzen von W\u00e4nden l\u00e4sst sich bei gr\u00fcndlicher Abkl\u00e4rung oft vermeiden, die Einbauarbeiten dauern je nach Situation nur einen Tag.<\/p>\n<p>Beinahe ger\u00e4uschlos<br \/>\nDa sich der Saugmotor in der Zentrale ausserhalb des Wohnbereichs befindet, entf\u00e4llt der oft st\u00f6rende Saugl\u00e4rm. Das System erzeugt nur leise Luftger\u00e4usche. Sie erledigen die Raumpflege w\u00e4hrend jemand im gleichen Zimmer arbeitet, telefoniert oder Musik h\u00f6rt.<\/p>\n<p>Allergien und Milben vorbeugen<br \/>\nDie Sch\u00e4dlichkeit von Mikrostaubteilchen und Milben (1 m\u00b2 Teppich enth\u00e4lt mehr als 10000 Milben) ist durch zahlreiche Untersuchungen belegt. Beim herk\u00f6mmlichen Staubsauger werden nur die groben Staubteilchen im Ger\u00e4t zur\u00fcckgehalten, w\u00e4hrend der Mikrostaub die Sackwand durchdringt und in den Raum zur\u00fcckgeblasen wird. Rund \u00bc der Bev\u00f6lkerung sind oft ohne zu wissen gegen diesen Feinstaub allergisch. Das System verf\u00fcgt \u00fcber Hochleistungsfilter, die einen grossen Teil des Mikrostaubs zur\u00fcckhalten. Die restliche Saugluft wird von der Zentrale \u00fcber eine Abluftleitung ins Freie gef\u00fchrt.<\/p>\n<p>Hygiene f\u00f6rdern<br \/>\nAnstatt wie ein tragbarer Staubsauger die eingesogene Luft nur umzuw\u00e4lzen und in den Raum zur\u00fcckzublasen, deponiert das System den Staub in einen hermetisch verschlossenen Sammelbeh\u00e4lter ausserhalb Ihres Wohnbereichs. Die heiklen Staubpartikel werden zu 100% entsorgt. Ihr Haus wird sauberer, das Wohnklima ges\u00fcnder. <\/p>\n<p>&nbsp;<br \/>\n<strong>Fernschaltger\u00e4t f\u00fcr Heizungen und andere Elektroger\u00e4te<\/strong><\/p>\n<p>Das CMS-10R von Comat Releco ist ein Fern\u00fcberwachungs- und Fernsteuersystem f\u00fcr Heizungen und andere Elektroger\u00e4te im Haushalt (beispielsweise in einer Ferienwohnung). Das Ger\u00e4t  meldet Zustands\u00e4nderungen \u00fcber das Mobilfunknetz per Push-Benachrichtigung, E-Mail oder SMS. Die angeschlossenen Elektroger\u00e4te k\u00f6nnen mittels Push-Benachrichtigung via Webbrowser oder Smart App angesteuert werden.<\/p>\n<p>Zusammenfassend auf einem Blick:<\/p>\n<ul>\n<li>Drahtloses Fern\u00fcberwachungs- und Fernsteuersystem<\/li>\n<li>Anwendung in 4G-, 3G-, 2G-Mobilfunknetzen<\/li>\n<li>Eingebaute eSIM-Technologie f\u00fcr weltweite Nutzung<\/li>\n<li>Ger\u00e4tekommunikation via Webbrowser &#8211; iot.comatreleco.com<\/li>\n<li>Eing\u00e4nge: 6 digital und \/ oder analog<\/li>\n<li>Ausg\u00e4nge: 4 Wechslerkontakte<\/li>\n<li>F\u00fcr Verteilereinbau<\/li>\n<\/ul>\n<p>&nbsp;<br \/>\n<a href=\"https:\/\/www.trufferelektrotech.ch\/wp-content\/uploads\/CMS-10R-e1597417235553.png\"><img loading=\"lazy\" decoding=\"async\" src=\"https:\/\/www.trufferelektrotech.ch\/wp-content\/uploads\/CMS-10R-e1597417235553.png\" alt=\"\" width=\"200\" height=\"278\" class=\"aligncenter size-full wp-image-361\" \/><\/a><\/p>\n<p>&nbsp;<br \/>\n<strong>Schuhtrochner<\/strong><\/p>\n<p><img loading=\"lazy\" decoding=\"async\" vspace=\"8\" hspace=\"16\" src=\"images\/schuh01.jpg\" align=\"right\" height=\"200\" width=\"97\">Nasse Schuhe  werden oft nicht mehr trocken, bevor sie das n\u00e4chste mal angezogen werden. Dieses Problem kann gel\u00f6st werden. Der Schuhtrockner, trocknet nasse und feuchte Schuhe jeglicher Art schnell, schonend und effektiv z.B. Wanderschuhe, Skischuhe, Arbeitsschuhe, Stiefel etc. Warme Luft von ca. 40\u00b0C wird \u00fcber flexible Schl\u00e4uche in das Innere der Schuhe geblasen. Durch die frei zirkulierende Luft trocknen sie auf schonende Art. Der Schuhtrockner kann an der Wand befestigt oder auf dem Boden liegend verwendet werden. Er wird mit einem Anschlusskabel von 1.2m mit montiertem Stecker geliefert.<\/p>\n<ul>\n<li>Farbe Geh\u00e4use: weiss<\/li>\n<li>Abmessung: 250x250x100mm<\/li>\n<li>Schutzart : IP 20<\/li>\n<li>Spannung : 230V<\/li>\n<\/ul>\n","protected":false},"excerpt":{"rendered":"<p>Unter der Rubrik &#8220;Elektroger\u00e4te&#8221; finden Sie das Zubeh\u00f6r zu den Elektroheizungen (beispielsweise Telefonschaltger\u00e4te), heizungsverwandte Produkte (Schuhtrockner, Fussw\u00e4rmematten und Boiller) &#8211; und neuerdings auch unser Angebot an Zentralstaubsaugern. &nbsp; Zentralstaubsauger &#8211; ein innovatives Konzept f\u00fcr mehr Wohnkomfort Wir projektieren und installieren Ihnen ihren Zentralstaubsauger nach Wunsch. Es braucht lediglich eine fest eingebaute Staubsaugzentrale im Untergeschoss oder [&hellip;]<\/p>\n","protected":false},"author":1,"featured_media":0,"parent":0,"menu_order":1,"comment_status":"closed","ping_status":"closed","template":"","meta":{"footnotes":""},"class_list":["post-50","page","type-page","status-publish","hentry"],"_links":{"self":[{"href":"https:\/\/www.trufferelektrotech.ch\/index.php?rest_route=\/wp\/v2\/pages\/50","targetHints":{"allow":["GET"]}}],"collection":[{"href":"https:\/\/www.trufferelektrotech.ch\/index.php?rest_route=\/wp\/v2\/pages"}],"about":[{"href":"https:\/\/www.trufferelektrotech.ch\/index.php?rest_route=\/wp\/v2\/types\/page"}],"author":[{"embeddable":true,"href":"https:\/\/www.trufferelektrotech.ch\/index.php?rest_route=\/wp\/v2\/users\/1"}],"replies":[{"embeddable":true,"href":"https:\/\/www.trufferelektrotech.ch\/index.php?rest_route=%2Fwp%2Fv2%2Fcomments&post=50"}],"version-history":[{"count":36,"href":"https:\/\/www.trufferelektrotech.ch\/index.php?rest_route=\/wp\/v2\/pages\/50\/revisions"}],"predecessor-version":[{"id":403,"href":"https:\/\/www.trufferelektrotech.ch\/index.php?rest_route=\/wp\/v2\/pages\/50\/revisions\/403"}],"wp:attachment":[{"href":"https:\/\/www.trufferelektrotech.ch\/index.php?rest_route=%2Fwp%2Fv2%2Fmedia&parent=50"}],"curies":[{"name":"wp","href":"https:\/\/api.w.org\/{rel}","templated":true}]}}