
{"id":3,"date":"2008-12-27T11:30:47","date_gmt":"2008-12-27T10:30:47","guid":{"rendered":"http:\/\/www.trufferelektrotech.ch\/wordpress\/?page_id=3"},"modified":"2023-07-08T18:26:05","modified_gmt":"2023-07-08T17:26:05","slug":"willkommen","status":"publish","type":"page","link":"https:\/\/www.trufferelektrotech.ch\/","title":{"rendered":"Willkommen"},"content":{"rendered":"<p id=\"top\" \/>Willkommen auf der Website unseres Gesch\u00e4ftes &#8220;Truffer Elektrotech&#8221;. Wir m\u00f6chten Ihnen auf dieser Website unser Angebot an Heizungen und Elektroger\u00e4ten ein wenig n\u00e4her bringen. Momentan ist jedoch nicht die ganze Produktepalette ersichtlich &#8211; finden Sie nicht, was Sie suchen, dann  <a href=\"mailto:service@trufferelektrotech.ch\">fragen<\/a> Sie uns an &#8211; wir helfen Ihnen gerne weiter. <\/p>\n<p>Truffer Elektrotech bietet Ihnen nicht nur eine umfassende Produktepalette an, sondern es geh\u00f6rt auch zu unseren Aufgaben, Sie problemorientiert zu beraten, f\u00fcr Sie zu projektieren,  den W\u00e4rmebedarf zu berechnen und  Heizungspl\u00e4ne anzufertigen. Wir freuen uns jetzt schon auf eine Zusammenarbeit<\/p>\n<p align=\"right\">Josef Truffer, Gesch\u00e4ftsinhaber<\/p>\n<p>&nbsp;<\/p>\n<p><a href=\"http:\/\/www.trufferelektrotech.ch\/wp-content\/uploads\/Trufferelektrotech_new-e1688837051809.jpeg\"><img loading=\"lazy\" decoding=\"async\" src=\"http:\/\/www.trufferelektrotech.ch\/wp-content\/uploads\/Trufferelektrotech_new-e1688837051809.jpeg\" alt=\"Der Gesch\u00e4ftsinhaber, Herr Josef Truffer vor einem Badheizk\u00f6rper.\" width=\"480\" height=\"640\" class=\"aligncenter size-full wp-image-416\" srcset=\"https:\/\/www.trufferelektrotech.ch\/wp-content\/uploads\/Trufferelektrotech_new-e1688837051809.jpeg 480w, https:\/\/www.trufferelektrotech.ch\/wp-content\/uploads\/Trufferelektrotech_new-e1688837051809-225x300.jpeg 225w\" sizes=\"auto, (max-width: 480px) 100vw, 480px\" \/><\/a><\/p>\n<p style=\"text-align: center\"><span style=\"color: gray;font-size: small\">Der Gesch\u00e4ftsinhaber, Herr Josef Truffer vor einem Badheizk\u00f6rper.<\/span><\/p>\n","protected":false},"excerpt":{"rendered":"<p>Willkommen auf der Website unseres Gesch\u00e4ftes &#8220;Truffer Elektrotech&#8221;. Wir m\u00f6chten Ihnen auf dieser Website unser Angebot an Heizungen und Elektroger\u00e4ten ein wenig n\u00e4her bringen. Momentan ist jedoch nicht die ganze Produktepalette ersichtlich &#8211; finden Sie nicht, was Sie suchen, dann fragen Sie uns an &#8211; wir helfen Ihnen gerne weiter. Truffer Elektrotech bietet Ihnen nicht [&hellip;]<\/p>\n","protected":false},"author":1,"featured_media":0,"parent":0,"menu_order":-1,"comment_status":"closed","ping_status":"closed","template":"","meta":{"footnotes":""},"class_list":["post-3","page","type-page","status-publish","hentry"],"_links":{"self":[{"href":"https:\/\/www.trufferelektrotech.ch\/index.php?rest_route=\/wp\/v2\/pages\/3","targetHints":{"allow":["GET"]}}],"collection":[{"href":"https:\/\/www.trufferelektrotech.ch\/index.php?rest_route=\/wp\/v2\/pages"}],"about":[{"href":"https:\/\/www.trufferelektrotech.ch\/index.php?rest_route=\/wp\/v2\/types\/page"}],"author":[{"embeddable":true,"href":"https:\/\/www.trufferelektrotech.ch\/index.php?rest_route=\/wp\/v2\/users\/1"}],"replies":[{"embeddable":true,"href":"https:\/\/www.trufferelektrotech.ch\/index.php?rest_route=%2Fwp%2Fv2%2Fcomments&post=3"}],"version-history":[{"count":14,"href":"https:\/\/www.trufferelektrotech.ch\/index.php?rest_route=\/wp\/v2\/pages\/3\/revisions"}],"predecessor-version":[{"id":418,"href":"https:\/\/www.trufferelektrotech.ch\/index.php?rest_route=\/wp\/v2\/pages\/3\/revisions\/418"}],"wp:attachment":[{"href":"https:\/\/www.trufferelektrotech.ch\/index.php?rest_route=%2Fwp%2Fv2%2Fmedia&parent=3"}],"curies":[{"name":"wp","href":"https:\/\/api.w.org\/{rel}","templated":true}]}}