
{"id":170,"date":"2009-02-25T21:33:24","date_gmt":"2009-02-25T20:33:24","guid":{"rendered":"http:\/\/www.trufferelektrotech.ch\/?page_id=170"},"modified":"2023-06-29T09:46:48","modified_gmt":"2023-06-29T08:46:48","slug":"zentralspeicherheizungen","status":"publish","type":"page","link":"https:\/\/www.trufferelektrotech.ch\/?page_id=170","title":{"rendered":"Zentralspeicherheizungen"},"content":{"rendered":"<p id=\"top\" \/><strong>Elektro-Feststoff-Zentralspeicher<\/strong><\/p>\n<p>Funktionswichtige Teile sind der Speicherkern, das Luftumw\u00e4lzsystem, der Wasserkreislauf und die Mikroprozessorsteuerung, die das Zusammen-wirken der Komponenten nutzbringend und wirtschaftlich regelt.<br \/>\nJe nach Witterung heizen Elektroheizk\u00f6rper den Speicherkern im Maximum bis zu 650\u00b0 C (Volllaufladung) auf. Die Aufladung wird mit Vorteil in den kosteng\u00fcnstigen Niedertarifzeiten get\u00e4tigt. Ein drehzahlgeregelter Ventilator bl\u00e4st Luft durch die Kan\u00e4le des Speicherkerns und entzieht dabei den Speichersteinen W\u00e4rme. In der Folge durchstr\u00f6mt die Heissluft einen W\u00e4rmetauscher, der gleichzeitig das Heizwasser erw\u00e4rmt.<br \/>\nAufgabe der Heizungsumw\u00e4lzpumpe ist es, die geregelte W\u00e4rme Ihrem Heizungssystem zuzuf\u00fchren <\/p>\n<p><img loading=\"lazy\" decoding=\"async\" alt=\"\" src=\"https:\/\/www.trufferelektrotech.ch\/images\/speicher3.jpg\" class=\"aligncenter\" width=\"515\" height=\"340\" \/><\/p>\n<p>&nbsp;<br \/>\n<strong>Wasser-Zentralspeicher SBF 700D \/ SBF K <\/strong><\/p>\n<p><img loading=\"lazy\" decoding=\"async\" src=\"https:\/\/www.trufferelektrotech.ch\/wp-content\/uploads\/2009\/02\/ws3.jpg\" alt=\"Wasserzentralspeicher\" title=\"Wasserzentralspeicher\" width=\"159\" height=\"240\" class=\"alignright size-full wp-image-175\" \/>Sowohl der SBF 700D wie auch der SBF K sind gesteuerte Elektrozentralheizungen mit w\u00e4rmeged\u00e4mmten Speicherbeh\u00e4lter (700 Liter). Ausgestattet komplet mit Ladesteuerung, Vorlauftemperatursteuerung, Mischventil, Sicherheitsventil, Umw\u00e4lzpumpe, \u00dcberstromventil und Elektrokasten. <\/p>\n<p>&nbsp;<br \/>\n&nbsp;<br \/>\n&nbsp;<br \/>\n&nbsp;<br \/>\n&nbsp;<br \/>\n&nbsp;<br \/>\n&nbsp;<br \/>\n&nbsp;<br \/>\n&nbsp;<br \/>\n&nbsp;<br \/>\n<strong>Direktheizkessel<\/strong><\/p>\n<p>Der Direktheizkessel EWZ l\u00f6st zusehends die alten \u00d6lheizkessel ab. <\/p>\n<p><img loading=\"lazy\" decoding=\"async\" alt=\"\" src=\"https:\/\/www.trufferelektrotech.ch\/images\/ewz.jpg\" width=\"375\" height=\"494\" \/><\/p>\n<p>&nbsp;<br \/>\n&nbsp;<br \/>\n<strong>Wandheizzentrale<\/strong><\/p>\n<p><img loading=\"lazy\" decoding=\"async\" src=\"http:\/\/www.trufferelektrotech.ch\/wp-content\/uploads\/2009\/02\/scannen0001-218x300.jpg\" alt=\"Wandheizzentrale\" title=\"Wandheizzentrale\" width=\"218\" height=\"300\" class=\"alignright size-medium wp-image-196\" srcset=\"https:\/\/www.trufferelektrotech.ch\/wp-content\/uploads\/2009\/02\/scannen0001-218x300.jpg 218w, https:\/\/www.trufferelektrotech.ch\/wp-content\/uploads\/2009\/02\/scannen0001-744x1024.jpg 744w, https:\/\/www.trufferelektrotech.ch\/wp-content\/uploads\/2009\/02\/scannen0001.jpg 1700w\" sizes=\"auto, (max-width: 218px) 100vw, 218px\" \/>Die Wandheiztherme ist eine kompakte Heizzentrale, lieferbar mit Anschlussleistungen von 3 bis 10 kW, f\u00fcr Warmwasser-Zentralheizungen.<br \/>\nDie Heiztherme kann als Interimsheizung, wie auch als Dauerheizung eingesetzt werden, speziell in Gebieten, in denen der Energieversorger g\u00fcnstigen Heizstrom rund um die Uhr zur Verf\u00fcgung stellt.<br \/>\nDurch den schnellen und problemlosen Einbau kann diese Therme von jedermann in Eigenleistung eingebaut werden.<br \/>\nDie Wandheiztherme wird komplett auf einem Stahlblech montiert geliefert, einschl. 3-stufiger Heizungspumpe, 12 l Membranausdehnungsgef\u00e4ss und allen f\u00fcr den Betrieb erforderlichen Sicherheitseinrichtungen.<\/p>\n","protected":false},"excerpt":{"rendered":"<p>Elektro-Feststoff-Zentralspeicher Funktionswichtige Teile sind der Speicherkern, das Luftumw\u00e4lzsystem, der Wasserkreislauf und die Mikroprozessorsteuerung, die das Zusammen-wirken der Komponenten nutzbringend und wirtschaftlich regelt. Je nach Witterung heizen Elektroheizk\u00f6rper den Speicherkern im Maximum bis zu 650\u00b0 C (Volllaufladung) auf. Die Aufladung wird mit Vorteil in den kosteng\u00fcnstigen Niedertarifzeiten get\u00e4tigt. Ein drehzahlgeregelter Ventilator bl\u00e4st Luft durch die Kan\u00e4le [&hellip;]<\/p>\n","protected":false},"author":1,"featured_media":0,"parent":69,"menu_order":0,"comment_status":"closed","ping_status":"closed","template":"","meta":{"footnotes":""},"class_list":["post-170","page","type-page","status-publish","hentry"],"_links":{"self":[{"href":"https:\/\/www.trufferelektrotech.ch\/index.php?rest_route=\/wp\/v2\/pages\/170","targetHints":{"allow":["GET"]}}],"collection":[{"href":"https:\/\/www.trufferelektrotech.ch\/index.php?rest_route=\/wp\/v2\/pages"}],"about":[{"href":"https:\/\/www.trufferelektrotech.ch\/index.php?rest_route=\/wp\/v2\/types\/page"}],"author":[{"embeddable":true,"href":"https:\/\/www.trufferelektrotech.ch\/index.php?rest_route=\/wp\/v2\/users\/1"}],"replies":[{"embeddable":true,"href":"https:\/\/www.trufferelektrotech.ch\/index.php?rest_route=%2Fwp%2Fv2%2Fcomments&post=170"}],"version-history":[{"count":7,"href":"https:\/\/www.trufferelektrotech.ch\/index.php?rest_route=\/wp\/v2\/pages\/170\/revisions"}],"predecessor-version":[{"id":407,"href":"https:\/\/www.trufferelektrotech.ch\/index.php?rest_route=\/wp\/v2\/pages\/170\/revisions\/407"}],"up":[{"embeddable":true,"href":"https:\/\/www.trufferelektrotech.ch\/index.php?rest_route=\/wp\/v2\/pages\/69"}],"wp:attachment":[{"href":"https:\/\/www.trufferelektrotech.ch\/index.php?rest_route=%2Fwp%2Fv2%2Fmedia&parent=170"}],"curies":[{"name":"wp","href":"https:\/\/api.w.org\/{rel}","templated":true}]}}